{"id":109,"date":"2018-01-09T14:24:30","date_gmt":"2018-01-09T14:24:30","guid":{"rendered":"http:\/\/sprengmeister.info\/website\/?page_id=109"},"modified":"2025-01-11T11:51:33","modified_gmt":"2025-01-11T10:51:33","slug":"das-team","status":"publish","type":"page","link":"https:\/\/www.sprengmeister.info\/website\/thueringer-feuerwerkerschule\/das-team\/","title":{"rendered":"Das Team"},"content":{"rendered":"<h2><strong>Das Team der Th\u00fcringer Feuerwerker- &amp; Waffenmeisterschule<br \/>\n<\/strong><\/h2>\n<p>&nbsp;<\/p>\n<p><img loading=\"lazy\" decoding=\"async\" class=\"alignnone wp-image-1408 size-large\" src=\"http:\/\/sprengmeister.info\/website\/wp-content\/uploads\/2020\/02\/Gruppenfoto-1-1024x646.jpg\" alt=\"\" width=\"525\" height=\"331\" srcset=\"https:\/\/www.sprengmeister.info\/website\/wp-content\/uploads\/2020\/02\/Gruppenfoto-1-1024x646.jpg 1024w, https:\/\/www.sprengmeister.info\/website\/wp-content\/uploads\/2020\/02\/Gruppenfoto-1-600x378.jpg 600w, https:\/\/www.sprengmeister.info\/website\/wp-content\/uploads\/2020\/02\/Gruppenfoto-1-300x189.jpg 300w, https:\/\/www.sprengmeister.info\/website\/wp-content\/uploads\/2020\/02\/Gruppenfoto-1-768x484.jpg 768w, https:\/\/www.sprengmeister.info\/website\/wp-content\/uploads\/2020\/02\/Gruppenfoto-1-1536x969.jpg 1536w, https:\/\/www.sprengmeister.info\/website\/wp-content\/uploads\/2020\/02\/Gruppenfoto-1.jpg 1980w\" sizes=\"auto, (max-width: 525px) 100vw, 525px\" \/><\/p>\n<p>&nbsp;<\/p>\n<hr \/>\n<h2><strong>Sven Schrader<\/strong><\/h2>\n<p><strong>Schulleiter<br \/>\n<\/strong>staatl. gepr. Grossfeuerwerker und Waffenmeister<br \/>\nEU-zertifizierter Sachverst\u00e4ndiger und Gutachter f\u00fcr Lehrg\u00e4nge nach dem Sprengstoff- und Waffengesetz, Explosivstoffe, Pyrotechnik sowie Waffen und Munition<img loading=\"lazy\" decoding=\"async\" class=\"alignright wp-image-5246\" src=\"https:\/\/www.sprengmeister.info\/website\/wp-content\/uploads\/2022\/10\/Sven-Schrader1-150x150.jpg\" alt=\"\" width=\"153\" height=\"171\" \/><br \/>\nstaatl. anerk. Lehrgangstr\u00e4ger gem. \u00a732 d. 1. SprengV und \u00a77 WaffG<br \/>\n\u00f6ffentlich bestellter Kreisausbilder Sprengen und Beh\u00f6rdenfachberater Explosivstoffe<\/p>\n<p>&nbsp;<\/p>\n<p>Sven Schrader gr\u00fcndete die SDL im Januar 1998 in K\u00f6rner.<\/p>\n<p>Knapp 25 Jahre Berufserfahrung, gesammelt in gro\u00dfen Feuerwerk-Shows, anspruchsvollen Sprengarbeiten, bei vielen Film- &amp; Fernsehproduktionen sowie bei der Arbeit mit Bundesbeh\u00f6rden und in der Kampfmittelbeseitigung, bilden einen umfangreichen Erfahrungsschatz, welchen er sehr gern an seine Lehrgangs- und Seminarteilnehmer weitergibt.<\/p>\n<p>Sven Schrader ist als EU-zertifizierter Sachverst\u00e4ndiger in den Bereichen Explosivstoffe, Pyrotechnik, Waffen und Munition sowie Lehrg\u00e4nge nach dem Sprengstoff- und Waffengesetz als gesch\u00e4tzter Gutachter f\u00fcr Beh\u00f6rden, Gerichte, Firmen und Privatpersonen t\u00e4tig.<br \/>\nAls Dozent bildete er bereits seit 1998 in diesen Bereichen hunderte Fachleute aus. Im Jahr 2013 \u00fcbernimmt er als Lehrgangstr\u00e4ger gem\u00e4\u00df SprengG &amp; WaffG die Leitung der Th\u00fcringer Feuerwerker- &amp; Waffenmeisterschule (ThFWS) mit einer Vielzahl von Ausbildungsangeboten in diesen Fachgebieten.<\/p>\n<p>Als Schulleiter der ThFWS ist Sven Schrader vorrangig als Dozent f\u00fcr die Unterrichtung in Lehrg\u00e4ngen sowie Seminaren zust\u00e4ndig. Ebenso fungiert er als praktischer Ausbilder und zeichnet f\u00fcr Abnahmen von theoretischen und praktischen Pr\u00fcfungen verantwortlich.<\/p>\n<hr \/>\n<h2><strong>Claudia Schrader<\/strong><\/h2>\n<p><img loading=\"lazy\" decoding=\"async\" class=\"alignright wp-image-1399 \" src=\"https:\/\/www.sprengmeister.info\/website\/wp-content\/uploads\/2020\/02\/ClaudiaS-267x300.jpg\" alt=\"\" width=\"153\" height=\"171\" srcset=\"https:\/\/www.sprengmeister.info\/website\/wp-content\/uploads\/2020\/02\/ClaudiaS-267x300.jpg 267w, https:\/\/www.sprengmeister.info\/website\/wp-content\/uploads\/2020\/02\/ClaudiaS.jpg 500w\" sizes=\"auto, (max-width: 153px) 100vw, 153px\" \/><\/p>\n<p><strong>Bereichsleiterin Management<br \/>\n<\/strong>staatl. gepr. Pyrotechnikerin<br \/>\nManagement der Th\u00fcringer Feuerwerker- &amp; Waffenmeisterschule<br \/>\nBuchhaltung<br \/>\nPrakt. Ausbilderin<\/p>\n<p>&nbsp;<\/p>\n<p>Verantwortlich f\u00fcr\u00a0 das gesamte Lehrgangs- \/ Seminarmanagement der Schule.<br \/>\nAls bestellte Pyrotechnikerin brennt Frau Schrader ebenso Grossfeuerwerke ab und unterst\u00fctzt die praktische Ausbildung als fachkundige Lehrkraft.<\/p>\n<p>Seit 2007 ist sie massgeblich an der Weiterentwicklung der Schule beteiligt. Im Rahmen ihrer T\u00e4tigkeit als Ausbilderin ist Claudia Schrader ebenso in die Abnahme der praktischen Abschlusspr\u00fcfungen bei unseren staatlich anerkannten Grundlehrg\u00e4ngen eingebunden.<\/p>\n<hr \/>\n<h2><strong>Torsten Knopke<\/strong><\/h2>\n<p><img loading=\"lazy\" decoding=\"async\" class=\"wp-image-1398 alignright\" src=\"http:\/\/sprengmeister.info\/website\/wp-content\/uploads\/2020\/02\/ThorstenK-267x300.jpg\" alt=\"\" width=\"159\" height=\"179\" srcset=\"https:\/\/www.sprengmeister.info\/website\/wp-content\/uploads\/2020\/02\/ThorstenK-267x300.jpg 267w, https:\/\/www.sprengmeister.info\/website\/wp-content\/uploads\/2020\/02\/ThorstenK.jpg 500w\" sizes=\"auto, (max-width: 159px) 100vw, 159px\" \/><\/p>\n<p><strong>Bereichsleiter Pyrotechnik<br \/>\n<\/strong>staatl. gepr. Pyrotechniker<br \/>\nWaffenmeister<br \/>\npraktischer Ausbilder<\/p>\n<p>&nbsp;<\/p>\n<p>Torsten Knopke verst\u00e4rkt als Pyrotechniker, Waffenmeister und praktischer Ausbilder seit 2013 das Team der Schule .<br \/>\nIn seinem Aufgabenbereich obliegt ihm die Bearbeitung von Feuerwerksauftr\u00e4gen sowie die Leitung von Gro\u00dffeuerwerken als verantwortliche Person. Ebenso f\u00fchrt er die praktische Ausbildung von Lehrgangsteilnehmern in den Vorbereitungsseminaren zu unseren Pyrotechnikerlehrg\u00e4ngen.<\/p>\n<p>Mit seinem fundierten praktischen Erfahrungsschatz steht Torsten Knopke angehenden Pyrotechnikern sehr gern Rede &amp; Antwort. Im Rahmen seiner T\u00e4tigkeit als Ausbilder ist er ebenso in die Abnahme der praktischen Abschlusspr\u00fcfungen bei unseren staatlich anerkannten Grundlehrg\u00e4ngen eingebunden.<\/p>\n<hr \/>\n<h2 style=\"text-align: left;\"><strong>Sven Herschel<\/strong><\/h2>\n<p><img loading=\"lazy\" decoding=\"async\" class=\"wp-image-1400 alignright\" src=\"http:\/\/sprengmeister.info\/website\/wp-content\/uploads\/2020\/02\/SvenH-267x300.jpg\" alt=\"\" width=\"166\" height=\"187\" srcset=\"https:\/\/www.sprengmeister.info\/website\/wp-content\/uploads\/2020\/02\/SvenH-267x300.jpg 267w, https:\/\/www.sprengmeister.info\/website\/wp-content\/uploads\/2020\/02\/SvenH.jpg 500w\" sizes=\"auto, (max-width: 166px) 100vw, 166px\" \/><\/p>\n<p style=\"text-align: left;\"><strong>Bereichsleiter Spreng- &amp; Waffentechnik<br \/>\n<\/strong>Waffenmeister<br \/>\nEU-zertifizierter Waffensachverst\u00e4ndiger und Gutachter<br \/>\nstaatl. gepr. Pyrotechniker<br \/>\nstaatl. gepr. Sprengtechniker<br \/>\ntheor. und prakt. Ausbilder, Pr\u00fcfer nach WaffG<\/p>\n<p>&nbsp;<\/p>\n<p>Sven Herschel ist als Pyro- &amp; Sprengtechniker seit dem Gr\u00fcndungsjahr 1998 im Team.<\/p>\n<p>Er leitet als verantwortliche Person die Durchf\u00fchrung von Grossfeuerwerken sowie Sprengarbeiten, fungiert als Ausbilder in den Praktiken und als Fachdozent in Seminaren und Lehrg\u00e4ngen unserer Schule.<\/p>\n<p>Als Spezialist f\u00fcr Explosivstoffe \u00fcbernimmt er zudem einen Teil der praktischen Ausbildungen in unserem \u00dcbungsgel\u00e4nde.<br \/>\nIm Rahmen seiner T\u00e4tigkeit als Sprengtechniker besitzt Sven Herschel einen gro\u00dfen Erfahrungsschatz in den Bereichen Bohrtechnik und Gesteinsgeologie.<\/p>\n<p>Neben der Lehrt\u00e4tigkeit ist er ebenso f\u00fcr die Planung und Umsetzung von Sprengprojekten zust\u00e4ndig. Auch w\u00e4hrend der Abnahme von Pr\u00fcfungen wacht sein geschultes Auge auf den H\u00e4nden der Teilnehmer.<span style=\"background-color: #bbbbbb;\">\u00a0<\/span><\/p>\n<hr \/>\n<h2 style=\"text-align: left;\"><strong>Thorsten Steffen<\/strong><\/h2>\n<p><img loading=\"lazy\" decoding=\"async\" class=\"alignright wp-image-5538\" src=\"https:\/\/www.sprengmeister.info\/website\/wp-content\/uploads\/2022\/11\/Thorsten-Steffen-2-150x150.jpg\" alt=\"\" width=\"176\" height=\"187\" srcset=\"https:\/\/www.sprengmeister.info\/website\/wp-content\/uploads\/2022\/11\/Thorsten-Steffen-2-600x638.jpg 600w, https:\/\/www.sprengmeister.info\/website\/wp-content\/uploads\/2022\/11\/Thorsten-Steffen-2-282x300.jpg 282w, https:\/\/www.sprengmeister.info\/website\/wp-content\/uploads\/2022\/11\/Thorsten-Steffen-2.jpg 666w\" sizes=\"auto, (max-width: 176px) 100vw, 176px\" \/><\/p>\n<p style=\"text-align: left;\"><strong>Bereichsleiter ADR und Au\u00dfendienst der ThFWS<\/strong><br \/>\nEU-zertifizierter Sachverst\u00e4ndiger und Gutachter<br \/>\nstaatl. gepr. Pyrotechniker<br \/>\nWaffenmeister<br \/>\ntheor. und prakt. Ausbilder, Pr\u00fcfer<br \/>\nFachdozent Gefahrgutrecht<\/p>\n<p>&nbsp;<\/p>\n<p>Thorsten Steffen geh\u00f6rt seit vielen Jahren zum Stammteam der ThFWS.<br \/>\nAls Pr\u00e4sident des Deutschen Gefahrgutverbandes GGVD vervollst\u00e4ndigt er unser hochkar\u00e4tiges Ausbilderteam in den Fachbereichen Gefahrgut- und Lagerrecht.<br \/>\nEr leitet als verantwortlicher Fachdozent die IHK-anerkannten ADR-Lehrg\u00e4nge der ThFWS und fungiert ebenso als praktischer Ausbilder in den Komplett-Lehrg\u00e4ngen unserer Schule, zudem ist er in seiner Eigenschaft EU-zertifizierter Sachverst\u00e4ndiger bundesweit als Gutachter f\u00fcr sprengstoffrechtliche Lagerst\u00e4tten und \u00f6ffentliche Verkehrstr\u00e4ger t\u00e4tig.<\/p>\n<hr \/>\n<h2><\/h2>\n<h2 style=\"text-align: left;\"><strong>Michael P\u00f6nicke<\/strong><\/h2>\n<p><img loading=\"lazy\" decoding=\"async\" class=\"wp-image-5541 size-thumbnail alignright\" src=\"https:\/\/www.sprengmeister.info\/website\/wp-content\/uploads\/2022\/11\/Michael-Poenicke-150x150.jpg\" alt=\"\" width=\"150\" height=\"150\" srcset=\"https:\/\/www.sprengmeister.info\/website\/wp-content\/uploads\/2022\/11\/Michael-Poenicke-150x150.jpg 150w, https:\/\/www.sprengmeister.info\/website\/wp-content\/uploads\/2022\/11\/Michael-Poenicke-100x100.jpg 100w\" sizes=\"auto, (max-width: 150px) 100vw, 150px\" \/><\/p>\n<p style=\"text-align: left;\"><strong>Technische Leitung der ThFWS<\/strong><br \/>\nWaffenmeister<br \/>\nprakt. Ausbilder<br \/>\nverantwortlich f\u00fcr die technische Ausstattung der Lehrkabinette<\/p>\n<p>&nbsp;<\/p>\n<p>Als Techniker zeichnet Michael P\u00f6nicke f\u00fcr die einwandfreie Funktion unserer Sonderanlagen und Lehrkabinette verantwortlich.<br \/>\nEr betreut u.a. das Schie\u00dftraining in unserem hauseigenen Schie\u00dfkino sowohl auch auf Schie\u00dfst\u00e4nden als praktischer Ausbilder im &#8220;scharfen Schuss&#8221;.<\/p>\n<p>&nbsp;<\/p>\n<p>&nbsp;<\/p>\n","protected":false},"excerpt":{"rendered":"<p>Das Team der Th\u00fcringer Feuerwerker- &amp; Waffenmeisterschule &nbsp; &nbsp; Sven Schrader Schulleiter staatl. gepr. Grossfeuerwerker und Waffenmeister EU-zertifizierter Sachverst\u00e4ndiger und Gutachter f\u00fcr Lehrg\u00e4nge nach dem Sprengstoff- und Waffengesetz, Explosivstoffe, Pyrotechnik sowie Waffen und Munition staatl. anerk. Lehrgangstr\u00e4ger gem. \u00a732 d. 1. SprengV und \u00a77 WaffG \u00f6ffentlich bestellter Kreisausbilder Sprengen und Beh\u00f6rdenfachberater Explosivstoffe &nbsp; Sven Schrader [&hellip;]<\/p>\n","protected":false},"author":1,"featured_media":0,"parent":5,"menu_order":10,"comment_status":"closed","ping_status":"closed","template":"","meta":{"footnotes":""},"class_list":["post-109","page","type-page","status-publish","hentry"],"_links":{"self":[{"href":"https:\/\/www.sprengmeister.info\/website\/wp-json\/wp\/v2\/pages\/109","targetHints":{"allow":["GET"]}}],"collection":[{"href":"https:\/\/www.sprengmeister.info\/website\/wp-json\/wp\/v2\/pages"}],"about":[{"href":"https:\/\/www.sprengmeister.info\/website\/wp-json\/wp\/v2\/types\/page"}],"author":[{"embeddable":true,"href":"https:\/\/www.sprengmeister.info\/website\/wp-json\/wp\/v2\/users\/1"}],"replies":[{"embeddable":true,"href":"https:\/\/www.sprengmeister.info\/website\/wp-json\/wp\/v2\/comments?post=109"}],"version-history":[{"count":25,"href":"https:\/\/www.sprengmeister.info\/website\/wp-json\/wp\/v2\/pages\/109\/revisions"}],"predecessor-version":[{"id":6740,"href":"https:\/\/www.sprengmeister.info\/website\/wp-json\/wp\/v2\/pages\/109\/revisions\/6740"}],"up":[{"embeddable":true,"href":"https:\/\/www.sprengmeister.info\/website\/wp-json\/wp\/v2\/pages\/5"}],"wp:attachment":[{"href":"https:\/\/www.sprengmeister.info\/website\/wp-json\/wp\/v2\/media?parent=109"}],"curies":[{"name":"wp","href":"https:\/\/api.w.org\/{rel}","templated":true}]}}