{"id":203,"date":"2018-01-10T14:12:09","date_gmt":"2018-01-10T14:12:09","guid":{"rendered":"http:\/\/sprengmeister.info\/website\/?page_id=203"},"modified":"2025-07-14T15:40:06","modified_gmt":"2025-07-14T14:40:06","slug":"wir-ueber-uns","status":"publish","type":"page","link":"https:\/\/www.sprengmeister.info\/website\/thueringer-feuerwerkerschule\/wir-ueber-uns\/","title":{"rendered":"Die Schule"},"content":{"rendered":"<h2><strong>Die ThFWS: Th\u00fcringer Feuerwerker- &amp; Waffenmeisterschule\u00a0<\/strong><\/h2>\n<p>Als staatlich anerkannter Lehrgangstr\u00e4ger nach Sprengstoff- und Waffengesetz, sowie IHK-anerkannte Bildungsst\u00e4tte, steht die Th\u00fcringer Feuerwerker- &amp; Waffenmeisterschule f\u00fcr den gr\u00f6\u00dften privaten Bildungstr\u00e4ger Deutschlands in diesen Fachsegmenten mit vorstehendem Portfolio. Unsere Bildungseinrichtung ist durch die EEG EU-zertifiziert und bildet in ihren Fachbereichen auf h\u00f6chstem Standard aus. \u00dcber die angegliederten Tochterunternehmen <a href=\"https:\/\/sprengmeister.info\/sdl-sfx\/\"><strong>SDL-SFX<\/strong><\/a>\u00a0 sowie <a href=\"https:\/\/sprengmeister.info\/consult\/\"><strong>SDL-CONSULT<\/strong><\/a> werden zus\u00e4tzlich Dienstleistungen nach dem Sprengstoff- &amp; Waffengesetz angeboten.<\/p>\n<p>Am Hauptstandort K\u00f6rner, im Herzen der Bundesrepublik und nahe deren geographischen Mittelpunkt, wird durch uns seit 1998 insbesondere im Fachbereich Pyrotechnik gearbeitet. Es ist eine hervorragende Erreichbarkeit aus allen Richtungen gegeben.\u00a0 J\u00e4hrlich durchlaufen im Schnitt etwa 300 Teilnehmer aus ganz Deutschland sowie dem Europ\u00e4ischen Ausland unsere Lehrg\u00e4nge, Kurse und Seminare.<br \/>\nUnsere Schule bietet im Gegensatz zu manch Mitbewerber keine &#8220;fliegenden Kurse&#8221; in Gastst\u00e4tten oder gar auf Schrottpl\u00e4tzen an, sondern ist eine feste, moderne Einrichtung mit voll ausgestatteten Unterrichtsr\u00e4umen, Fachkabinetten, Simulator-Anlagen, einer gro\u00dfen Lehrwerkstatt sowie einem hauseigenen \u00dcbungsplatz f\u00fcr die praktische Ausbildung mit Gefahrstoffen. Wir verf\u00fcgen \u00fcber eine eigene Betriebsfeuerwehr, einen Lehrschie\u00dfstand und zwei Lehrb\u00fchnen.<br \/>\nDie ThFWS steht somit bundesweit f\u00fcr die einzige kombinierte Fachbildungseinrichtung nach dem Sprengstoff- &amp; Waffengesetz mit derartigem Portfolio und Ausstattung.<\/p>\n<p><strong>Unser Weg:<\/strong><br \/>\nAusschlie\u00dflich hervorragend geschulte und gepr\u00fcfte Dozenten mit echter, jahrelanger Erfahrung garantieren in unserem Haus eine erstklassige Ausbildung in Theorie sowie Praxis. Nahezu alle Ausbilder unserer Schule besitzen den Status von EU-zertifizierten Sachverst\u00e4ndigen auf Ihrem jeweiligen Fachgebiet und blicken auf einen riesigen Erfahrungsschatz aus jahrzehntelanger praktischer Arbeit mit Explosivstoffen und Waffen &#8211; auch im Dienste von hochrangigen Bundesbeh\u00f6rden oder speziellen milit\u00e4rischen Einheiten zur\u00fcck.<br \/>\nJe nach Fachgebiet geben hier zuweilen ausgew\u00e4hlte externe Spezialisten aus Beh\u00f6rden und Wirtschaft als Gastdozenten ihr Wissen an Teilnehmer weiter. Neben den umfangreichen staatlich anerkannten Grund-, Sonder- und Wiederholungslehrg\u00e4ngen nach Sprengstoff-, Waffenrecht oder dem ADR runden eine gro\u00dfe Palette an Seminaren und Weiterbildungsangeboten das Portfolio der Schule ab. Hierbei werden auf Kundenwunsch auch gern ma\u00dfgeschneiderte Bildungsangebote entwickelt und umgesetzt. Auch nach dem erfolgreichem Abschluss stehen den einzelnen\u00a0Absolventen unsere <a href=\"http:\/\/sprengmeister.info\/website\/?page_id=109\" target=\"_blank\" rel=\"noopener noreferrer\">Mitarbeiter<\/a> stets als zuverl\u00e4ssige und fachkompetente Partner zur Seite.<\/p>\n<p>Alle Ausbildungen finden gem\u00e4\u00df unseres Anspruches auf h\u00f6chstem Niveau, doch in famili\u00e4rem Ambiente und auf Augenh\u00f6he statt.<\/p>\n<p>Unsere Unterrichtsr\u00e4ume sind mit moderner Multimedia-Technik ausgestattet, die theoretische Unterrichtsf\u00fchrung erfolgt \u00fcber gro\u00dfe OLED-Bildschirme, die jeweiligen\u00a0 Lehrmaterialien erhalten die Teilnehmer in stets aktueller, ordentlich gedruckter und gebundener Fachbuchform.<\/p>\n<p>Lehrgangs- und Seminarpreise der ThFWS sind grunds\u00e4tzlich Endpreise. In diesen sind alle n\u00f6tigen Lehrb\u00fccher, Pr\u00fcfungs- und Zeugnisgeb\u00fchren, Steuern sowie die Mittags- und Kaffeeverpflegung enthalten. Einfach, ehrlich und transparent, keine &#8220;Mogelpackungen&#8221;.<\/p>\n<p>Bei uns sind Sie in besten H\u00e4nden. Die Zufriedenheit der Ausbildungsteilnehmer, verbunden mit erstklassiger Wissensvermittlung, stehen hier gleichauf mit der Sicherheit an erster Stelle.\u00a0 Unsere Dozenten sind sich ihrer strengen Pflicht im Umgang mit explosionsgef\u00e4hrlichen Stoffen, Waffen und Munition im Zusammenhang mit der Ausbildung angehender Fach- und Sachkundiger Personen bewusst.\u00a0 Wir sind sehr stolz darauf, dass unsere Ausbildungseinrichtung nicht nur unter Fachkollegen, sondern auch bundesweit bei Beh\u00f6rden einen hervorragenden Ruf genie\u00dft.<\/p>\n<p><strong><a href=\"http:\/\/sprengmeister.info\/website\/?page_id=109\" rel=\"noopener noreferrer\">Mitarbeiter-Team<\/a><\/strong><\/p>\n<p>Unsere n\u00e4chsten Lehrgangs- und Seminartermine finden Sie unter dem Men\u00fcpunkt <a href=\"http:\/\/sprengmeister.info\/website\/?page_id=25\" rel=\"noopener noreferrer\">&#8220;Lehrg\u00e4nge\/Seminare&#8221;<\/a> .\u00a0 Bitte achten Sie auf rechtzeitige Anmeldung, da angebotene Lehrg\u00e4nge erfahrungsgem\u00e4\u00df sehr schnell ausgebucht sind.<\/p>\n<p>Wir freuen uns auf Sie!<\/p>\n<p>Sven Schrader<br \/>\n(Schulleiter ThFWS)<\/p>\n<p><img loading=\"lazy\" decoding=\"async\" class=\"aligncenter size-thumbnail wp-image-6527\" src=\"https:\/\/www.sprengmeister.info\/website\/wp-content\/uploads\/2023\/05\/EEG-Zertifikat-Schule-1-150x150.jpg\" alt=\"\" width=\"150\" height=\"150\" srcset=\"https:\/\/www.sprengmeister.info\/website\/wp-content\/uploads\/2023\/05\/EEG-Zertifikat-Schule-1-150x150.jpg 150w, https:\/\/www.sprengmeister.info\/website\/wp-content\/uploads\/2023\/05\/EEG-Zertifikat-Schule-1-scaled-300x300.jpg 300w, https:\/\/www.sprengmeister.info\/website\/wp-content\/uploads\/2023\/05\/EEG-Zertifikat-Schule-1-scaled-100x100.jpg 100w\" sizes=\"auto, (max-width: 150px) 100vw, 150px\" \/><\/p>\n","protected":false},"excerpt":{"rendered":"<p>Die ThFWS: Th\u00fcringer Feuerwerker- &amp; Waffenmeisterschule\u00a0 Als staatlich anerkannter Lehrgangstr\u00e4ger nach Sprengstoff- und Waffengesetz, sowie IHK-anerkannte Bildungsst\u00e4tte, steht die Th\u00fcringer Feuerwerker- &amp; Waffenmeisterschule f\u00fcr den gr\u00f6\u00dften privaten Bildungstr\u00e4ger Deutschlands in diesen Fachsegmenten mit vorstehendem Portfolio. Unsere Bildungseinrichtung ist durch die EEG EU-zertifiziert und bildet in ihren Fachbereichen auf h\u00f6chstem Standard aus. \u00dcber die angegliederten Tochterunternehmen [&hellip;]<\/p>\n","protected":false},"author":1,"featured_media":0,"parent":5,"menu_order":0,"comment_status":"closed","ping_status":"closed","template":"","meta":{"footnotes":""},"class_list":["post-203","page","type-page","status-publish","hentry"],"_links":{"self":[{"href":"https:\/\/www.sprengmeister.info\/website\/wp-json\/wp\/v2\/pages\/203","targetHints":{"allow":["GET"]}}],"collection":[{"href":"https:\/\/www.sprengmeister.info\/website\/wp-json\/wp\/v2\/pages"}],"about":[{"href":"https:\/\/www.sprengmeister.info\/website\/wp-json\/wp\/v2\/types\/page"}],"author":[{"embeddable":true,"href":"https:\/\/www.sprengmeister.info\/website\/wp-json\/wp\/v2\/users\/1"}],"replies":[{"embeddable":true,"href":"https:\/\/www.sprengmeister.info\/website\/wp-json\/wp\/v2\/comments?post=203"}],"version-history":[{"count":36,"href":"https:\/\/www.sprengmeister.info\/website\/wp-json\/wp\/v2\/pages\/203\/revisions"}],"predecessor-version":[{"id":6787,"href":"https:\/\/www.sprengmeister.info\/website\/wp-json\/wp\/v2\/pages\/203\/revisions\/6787"}],"up":[{"embeddable":true,"href":"https:\/\/www.sprengmeister.info\/website\/wp-json\/wp\/v2\/pages\/5"}],"wp:attachment":[{"href":"https:\/\/www.sprengmeister.info\/website\/wp-json\/wp\/v2\/media?parent=203"}],"curies":[{"name":"wp","href":"https:\/\/api.w.org\/{rel}","templated":true}]}}