{"id":21,"date":"2018-01-08T15:51:10","date_gmt":"2018-01-08T15:51:10","guid":{"rendered":"http:\/\/sprengmeister.info\/website\/?page_id=21"},"modified":"2025-01-10T08:08:26","modified_gmt":"2025-01-10T07:08:26","slug":"impressum","status":"publish","type":"page","link":"https:\/\/www.sprengmeister.info\/website\/impressum\/","title":{"rendered":"Impressum"},"content":{"rendered":"<h2><strong>Impressum<\/strong><\/h2>\n<p>&nbsp;<\/p>\n<p><strong>SDL-Th\u00fcringer Feuerwerker- &amp; Waffenmeisterschule<\/strong><br \/>\nSven Schrader<br \/>\nSumbach 3<br \/>\n99998 K\u00f6rner<br \/>\nTelefon: + 49 (0)36025 &#8211; 52 628<br \/>\nFax: +49 (0)36025 &#8211; 52 68 55<br \/>\nMail: &#x69;&#110;&#102;o&#x40;&#x73;&#112;r&#x65;&#x6e;&#103;me&#x69;&#115;&#116;e&#x72;&#x2e;&#105;n&#x66;&#x6f;<\/p>\n<p>&nbsp;<\/p>\n<p><strong>Aufsichtsbeh\u00f6rden:<\/strong><\/p>\n<p><em>Sprengstoffrecht:<\/em><br \/>\nTh\u00fcringer Ministerium TMASGFF<br \/>\nWerner Sellenbinder Stra\u00dfe 6<br \/>\n99096 Erfurt<\/p>\n<p>Th\u00fcringer Landesamt f. Verbraucherschutz<br \/>\nLinderbacher Weg 30<br \/>\n99099 Erfurt<\/p>\n<p><em>Waffenrecht:<\/em><br \/>\nTh\u00fcringer Landesverwaltungsamt<br \/>\nWeimarplatz 4<br \/>\n99423 Weimar<\/p>\n<p>Bundeskriminalamt<br \/>\nSO13<br \/>\nThaerstra\u00dfe 11<br \/>\n65173 Wiesbaden<\/p>\n<p>Landratsamt Unstrut-Hainich<br \/>\nWaffenbeh\u00f6rde<br \/>\nSondersh\u00e4user Landstra\u00dfe 1<br \/>\n99974 M\u00fchlhausen \/ Thr.<\/p>\n<p><em>ADR-Recht:<\/em><br \/>\nIHK Erfurt<\/p>\n<p>&nbsp;<\/p>\n<p>&nbsp;<\/p>\n<hr \/>\n<h2><strong>Haftungsausschlu\u00df \u2013 rechtliche Hinweise<\/strong><\/h2>\n<p><strong>1. Haftungsbeschr\u00e4nkung<\/strong><br \/>\nDie Inhalte dieser Webseite wurden mit gr\u00f6\u00dftm\u00f6glicher Sorgfalt und nach bestem Wissen und Gewissen erstellt. Dennoch \u00fcbernimmt der Anbieter dieser Webseite keine Gew\u00e4hr f\u00fcr die Aktualit\u00e4t, Vollst\u00e4ndigkeit und Richtigkeit der bereitgestellten Seiten und Inhalte.<\/p>\n<p>Als Diensteanbieter ist der Anbieter dieser Webseite gem\u00e4\u00df \u00a7 7 Abs. 1 TMG f\u00fcr eigene Inhalte und bereitgestellte Informationen auf diesen Seiten nach den allgemeinen Gesetzen verantwortlich; nach den \u00a7\u00a7 8 bis 10 TMG jedoch nicht verpflichtet, die \u00fcbermittelten oder gespeicherten fremden Informationen zu \u00fcberwachen. Eine Entfernung oder Sperrung dieser Inhalte erfolgt umgehend ab dem Zeitpunkt der Kenntnis einer konkreten Rechtsverletzung. Eine Haftung ist erst ab dem Zeitpunkt der Kenntniserlangung m\u00f6glich.<\/p>\n<p><strong>2. Externe Links<\/strong><br \/>\nDie Webseite enth\u00e4lt sog. \u201eexterne Links\u201c (Verlinkungen) zu anderen Webseiten, auf deren Inhalt der Anbieter dieser Webseite keinen Einfluss hat. Aus diesem Grund kann der Anbieter f\u00fcr diese Inhalte auch keine Gew\u00e4hr \u00fcbernehmen.<br \/>\nF\u00fcr die Inhalte und Richtigkeit der bereitgestellten Informationen ist der jeweilige Anbieter der verlinkten Webseite verantwortlich. Zum Zeitpunkt der Verlinkung waren keine Rechtsverst\u00f6\u00dfe erkennbar. Bei Bekanntwerden einer solchen Rechtsverletzung wird der Link umgehend entfernen.<\/p>\n<p><strong>3. Urheberrecht\/Leistungsschutzrecht<\/strong><br \/>\nDie auf dieser Webseite ver\u00f6ffentlichten Inhalte, Werke und bereitgestellten Informationen unterliegen dem deutschen Urheberrecht und Leistungsschutzrecht. Jede Art der Vervielf\u00e4ltigung, Bearbeitung, Verbreitung, Einspeicherung und jede Art der Verwertung au\u00dferhalb der Grenzen des Urheberrechts bedarf der vorherigen schriftlichen Zustimmung des jeweiligen Rechteinhabers. Das unerlaubte Kopieren\/Speichern oder anderweitige Verwenden der bereitgestellten Informationen auf diesen Webseiten ist nicht gestattet und strafbar.<\/p>\n<p><strong>4. Datenschutz<\/strong><br \/>\nDurch den Besuch dieses Internetauftritts k\u00f6nnen Informationen (Datum, Uhrzeit, aufgerufene Seite) \u00fcber den Zugriff auf dem Server gespeichert werden. Es werden jedoch keine personenbezogenenen (z. B. Name, Anschrift oder E-Mail-Adresse) Daten, gespeichert.<\/p>\n<p>Sofern personenbezogene Daten erhoben werden, erfolgt dies, sofern m\u00f6glich, nur mit dem vorherigen Einverst\u00e4ndnis des Nutzers der Webseite. Eine Weitergabe der Daten an Dritte findet ohne ausdr\u00fcckliche Zustimmung des Nutzers nicht statt.<\/p>\n<p>Der Anbieter weist darauf hin, dass die \u00dcbertragung von Daten im Internet (z. B. per E-Mail) Sicherheitsl\u00fccken und Sicherheitsrisiken aufweisen kann und ein l\u00fcckenloser Schutz der Daten vor dem Zugriff unbefugter Dritter nicht gew\u00e4hrleistet werden kann. Der Anbieter \u00fcbernimmt keine Haftung f\u00fcr die durch solche Sicherheitsl\u00fccken entstandenen Sch\u00e4den.<\/p>\n<p>Der Verwendung der Kontaktdaten durch Dritte\/Andere zur gewerblichen Nutzung wird hiermit ausdr\u00fccklich widersprochen. Es sei denn, der Anbieter hat zuvor seine schriftliche Einwilligung erteilt.<br \/>\nDer Anbieter beh\u00e4lt sich rechtliche Schritte f\u00fcr den Fall der unverlangten Zusendung von Werbeinformationen, z. B. durch Spam-eMails, vor.<br \/>\nQuelle: <a href=\"http:\/\/www.mustervorlage.net\/disclaimer-muster\/\" target=\"_blank\" rel=\"noopener noreferrer\">Muster Disclaimer<\/a><\/p>\n<p>&nbsp;<\/p>\n","protected":false},"excerpt":{"rendered":"<p>Impressum &nbsp; SDL-Th\u00fcringer Feuerwerker- &amp; Waffenmeisterschule Sven Schrader Sumbach 3 99998 K\u00f6rner Telefon: + 49 (0)36025 &#8211; 52 628 Fax: +49 (0)36025 &#8211; 52 68 55 Mail: &#x69;&#110;&#102;&#x6f;&#x40;&#115;&#112;&#x72;&#x65;&#110;&#103;&#x6d;&#x65;&#105;&#115;&#x74;&#x65;&#114;&#46;&#x69;&#x6e;&#102;&#111; &nbsp; Aufsichtsbeh\u00f6rden: Sprengstoffrecht: Th\u00fcringer Ministerium TMASGFF Werner Sellenbinder Stra\u00dfe 6 99096 Erfurt Th\u00fcringer Landesamt f. Verbraucherschutz Linderbacher Weg 30 99099 Erfurt Waffenrecht: Th\u00fcringer Landesverwaltungsamt Weimarplatz 4 99423 [&hellip;]<\/p>\n","protected":false},"author":1,"featured_media":0,"parent":0,"menu_order":0,"comment_status":"closed","ping_status":"closed","template":"","meta":{"footnotes":""},"class_list":["post-21","page","type-page","status-publish","hentry"],"_links":{"self":[{"href":"https:\/\/www.sprengmeister.info\/website\/wp-json\/wp\/v2\/pages\/21","targetHints":{"allow":["GET"]}}],"collection":[{"href":"https:\/\/www.sprengmeister.info\/website\/wp-json\/wp\/v2\/pages"}],"about":[{"href":"https:\/\/www.sprengmeister.info\/website\/wp-json\/wp\/v2\/types\/page"}],"author":[{"embeddable":true,"href":"https:\/\/www.sprengmeister.info\/website\/wp-json\/wp\/v2\/users\/1"}],"replies":[{"embeddable":true,"href":"https:\/\/www.sprengmeister.info\/website\/wp-json\/wp\/v2\/comments?post=21"}],"version-history":[{"count":7,"href":"https:\/\/www.sprengmeister.info\/website\/wp-json\/wp\/v2\/pages\/21\/revisions"}],"predecessor-version":[{"id":6725,"href":"https:\/\/www.sprengmeister.info\/website\/wp-json\/wp\/v2\/pages\/21\/revisions\/6725"}],"wp:attachment":[{"href":"https:\/\/www.sprengmeister.info\/website\/wp-json\/wp\/v2\/media?parent=21"}],"curies":[{"name":"wp","href":"https:\/\/api.w.org\/{rel}","templated":true}]}}