{"id":35,"date":"2018-01-08T14:00:54","date_gmt":"2018-01-08T14:00:54","guid":{"rendered":"http:\/\/sprengmeister.info\/website\/?page_id=35"},"modified":"2025-01-10T16:40:36","modified_gmt":"2025-01-10T15:40:36","slug":"mftb","status":"publish","type":"page","link":"https:\/\/www.sprengmeister.info\/website\/mftb\/","title":{"rendered":"MFTB"},"content":{"rendered":"<h2><strong><br \/>\n<img loading=\"lazy\" decoding=\"async\" class=\"wp-image-1685 aligncenter\" src=\"https:\/\/www.sprengmeister.info\/website\/wp-content\/uploads\/2020\/03\/Logo-MFTB.png\" alt=\"\" width=\"190\" height=\"187\" \/><\/strong><\/h2>\n<h2 style=\"text-align: center;\"><strong>Mitteldeutscher Feuerwerker- &amp; Traditionssch\u00fctzenbund<br \/>\n<\/strong><\/h2>\n<p style=\"text-align: center;\">Kontakt: Frau Claudia Schrader E-Mail: <a href=\"&#x6d;&#97;i&#x6c;&#116;&#111;&#x3a;&#x6d;&#102;t&#x62;&#64;s&#x70;&#x72;&#101;n&#x67;&#109;e&#x69;&#x73;&#116;e&#x72;&#46;i&#x6e;&#x66;&#111;\">&#x6d;&#x66;&#x74;&#x62;&#x40;&#115;&#112;&#114;&#101;ngm&#x65;&#x69;&#x73;&#x74;&#x65;&#x72;&#46;&#105;&#110;fo<\/a><br \/>\nDurchwahl: 036025 \u2013 52 68 52<\/p>\n<p>&nbsp;<\/p>\n<p><span style=\"color: #000000;\">Hier m\u00f6chten wir Dir den Mitteldeutschen Feuerwerker- &amp; Traditionssch\u00fctzenbund &#8211; kurz MFTB &#8211; vorstellen und &#8220;an\u00b4s Herz legen&#8221;.<\/span><\/p>\n<p>Der MFTB versteht sich als Zusammenschluss fachkundiger Personen aus den Bereichen Pyrotechnik, Sprengtechnik, Kampfmittelber\u00e4umung, SFX und Traditionssch\u00fctzenwesen. Dieser\u00a0 Zusammenschluss erf\u00fcllt den Zweck des gegenseitigen Erfahrungsaustausches der Mitglieder untereinander durch verschiedene Kommunikationsplattformen und organisiert Veranstaltungen wie etwa Fachtreffen, bei welchen die praktische Arbeit im Vordergrund steht, Herstellerbesuche oder gest\u00fctzte Lehrgangs- und Seminarangebote bei Lehrgangstr\u00e4gern und Beh\u00f6rden. Weiterhin steht der MFTB als Bed\u00fcrfnistr\u00e4ger\u00a0 f\u00fcr Inhaber einer Erlaubnis gem. \u00a727 SprengG zur Verf\u00fcgung. Er ist fachkompetenter Ansprechpartner in allen damit zusammenh\u00e4ngenden Fragen etwa bei\u00a0 Beantragungen, Umschreibungen, Lagerproblematiken und Beh\u00f6rdenproblemen und steht seinen Mitgliedern im Bedarfsfalle auch mit eigenen Sachverst\u00e4ndigen und Gutachtern zur Seite.<\/p>\n<p><strong>Der MFTB stellt Dir zwei Varianten der Mitgliedschaft zur Auswahl:<\/strong><\/p>\n<p>&nbsp;<\/p>\n<h2><b>Normal-Mitgliedschaft<\/b><\/h2>\n<p>Du wirst als Mitglied nach Antragseingang im MFTB gef\u00fchrt und bist berechtigt, an allen Versammlungen und organisierten Veranstaltungen teil zu nehmen. Du hast jederzeit das Recht vom MFTB einen Nachweis \u00fcber die Mitgliedschaft zu verlangen (etwa zur Vorlage bei Beh\u00f6rden als Bed\u00fcrfnisnachweis). Der MFTB unterst\u00fctzt Dich bei Problemen mit Beh\u00f6rden und steht\u00a0 gerne auch telefonisch unter der Rufnummer +49(0)36025 \/ 52 628 in technischen- sowie rechtlichen Fachfragen unterst\u00fctzend zur Seite.<\/p>\n<p>Preis: Kostenlos\u00a0 \u00a0 \u00a0 \u00a0 \u00a0 \u00a0 \u00a0<a href=\"https:\/\/www.sprengmeister.info\/website\/wp-content\/uploads\/2022\/09\/Antrag-mit-Satzung-MFTB.pdf\"><strong>SATZUNG LESEN<\/strong><\/a><\/p>\n<hr \/>\n<h2><b>Premium-Mitgliedschaft<\/b><\/h2>\n<p>Der Beitrag geht der ausf\u00fchrenden Th\u00fcringer Feuerwerkerschule zu und dient der Ansparung entsprechender Premium-Leistungen welche durch diese f\u00fcr MFTB-Mitglieder erbracht werden. Leistungsanspruch besteht fr\u00fchestens nach 6 Monaten Mitgliedschaft. Zus\u00e4tzlich zu den Genussrechten aus der kostenlosen \u201eNormal-Mitgliedschaft\u201c bietet der MFTB seinen Premium-Mitgliedern hierbei weiterhin folgende Vorteile:<\/p>\n<ul>\n<li style=\"list-style-type: none;\">\n<ul>\n<li>Alle 5 Jahre den <b>kostenfreien<\/b> Besuch eines staatlich anerkannten Wiederholungslehrganges zur Verl\u00e4ngerung der G\u00fcltigkeit Ihrer Bef\u00e4higung\/Erlaubnis nach SprengG<br \/>\nund automatischer Erinnerungs-Service.<\/li>\n<li><b>\u00dcbernahme der Lehrgangskosten<\/b> beim Besuch eines Grund-, Sonder-, oder Aufbaulehrganges nach dem Sprengstoffrecht, Waffenrecht oder ADR von bis zu 90%<br \/>\n(gestaffelt nach der Dauer der Mitgliedschaft, siehe <a href=\"https:\/\/www.sprengmeister.info\/website\/wp-content\/uploads\/2022\/09\/Antrag-mit-Satzung-MFTB.pdf\">Satzung<\/a>).<\/li>\n<li><b>Kostenfreie<\/b>\u00a0Information \u00fcber wichtige fach- und rechtsrelevante\u00a0 Neuerungen und \u00c4nderungen.<\/li>\n<li>Einladung zur <b>kostenfreien<\/b> Teilnahme an Fachtreffen, Praxis-Seminaren, Herstellerbesuchen und Veranstaltungen.<\/li>\n<li>Technische Hilfe (Verleih von Z\u00fcnd- und Anz\u00fcndtechnik \/ M\u00f6rsergestellen etc.)<\/li>\n<li>Komplette \u00dcbergabe von eventuellen Auftr\u00e4gen in Deiner Region \/ Einzugsgebiet.<\/li>\n<li>Finanziell gest\u00fctzte Stellung von Gutachtern und Sachverst\u00e4ndigen aus den Fachgebieten Pyrotechnik, Lager, Sprengstoffe, Waffen und Munition<\/li>\n<\/ul>\n<\/li>\n<\/ul>\n<p>Preis: 120,- Euro \/ Jahr\u00a0 \u00a0 \u00a0 \u00a0<a href=\"https:\/\/www.sprengmeister.info\/website\/wp-content\/uploads\/2022\/09\/Antrag-mit-Satzung-MFTB.pdf\"><strong>SATZUNG LESEN<\/strong><\/a><\/p>\n<hr \/>\n<p>So wir Dein Interesse geweckt haben, w\u00fcrden wir uns sehr freuen, Dich als Mitglied im MFTB begr\u00fc\u00dfen zu d\u00fcrfen. Hierzu einfach den unten stehenden Mitgliedsantrag vollst\u00e4ndig ausf\u00fcllen\u00a0 und absenden.<br \/>\nDu erh\u00e4ltst dann in K\u00fcrze eine Mitgliedsbescheinigung und den Bed\u00fcrfnisnachweis\u00a0 zur Vorlage bei der Beh\u00f6rde sowie alle weiteren Informationen zugeschickt. Deine pers\u00f6nlichen Daten unterliegen dem Datenschutzgesetz und werden von uns selbstverst\u00e4ndlich nicht ohne Deine ausdr\u00fcckliche Zustimmung an Dritte weitergegeben.<\/p>\n<p>Bei R\u00fcckfragen sind wir unter Telefon:\u00a0 +49 (0)36025 &#8211; 52 68 52 oder mittels unseres <a href=\"http:\/\/sprengmeister.info\/website\/?page_id=14\" target=\"_blank\" rel=\"noopener noreferrer\">Kontaktformulars<\/a> jederzeit erreichbar.<\/p>\n<h2><strong><div class=\"wpforms-container wpforms-container-full\" id=\"wpforms-6290\"><form id=\"wpforms-form-6290\" class=\"wpforms-validate wpforms-form wpforms-ajax-form\" data-formid=\"6290\" method=\"post\" enctype=\"multipart\/form-data\" action=\"\/website\/wp-json\/wp\/v2\/pages\/35\" data-token=\"394646d905a2c42a1bd1b928fbd9a799\" data-token-time=\"1776651203\"><div class=\"wpforms-head-container\"><div class=\"wpforms-title\">Mitgliedsantrag zur Aufnahme in den MFTB<\/div><\/div><noscript class=\"wpforms-error-noscript\">Bitte aktiviere JavaScript in deinem Browser, um dieses Formular fertigzustellen.<\/noscript><div class=\"wpforms-field-container\"><div id=\"wpforms-6290-field_3-container\" class=\"wpforms-field wpforms-field-select wpforms-field-select-style-classic\" data-field-id=\"3\"><label class=\"wpforms-field-label\" for=\"wpforms-6290-field_3\">Ich m\u00f6chte: <span class=\"wpforms-required-label\">*<\/span><\/label><select id=\"wpforms-6290-field_3\" class=\"wpforms-field-medium wpforms-field-required\" name=\"wpforms[fields][3]\" required=\"required\"><option value=\"MFTB-PREMIUM-Mitglied werden (120,-\u20ac\/Jahr)\"  class=\"choice-1 depth-1\"  >MFTB-PREMIUM-Mitglied werden (120,-\u20ac\/Jahr)<\/option><option value=\"MFTB-NORMAL-Mitglied werden (kostenfrei)\"  class=\"choice-2 depth-1\"  >MFTB-NORMAL-Mitglied werden (kostenfrei)<\/option><\/select><div class=\"wpforms-field-description\">Du kannst bei uns NORMAL- oder PREMIUM-Mitglied mit vielen Vorteilen werden<\/div><\/div><div id=\"wpforms-6290-field_0-container\" class=\"wpforms-field wpforms-field-name\" data-field-id=\"0\"><label class=\"wpforms-field-label\">Name <span class=\"wpforms-required-label\">*<\/span><\/label><div class=\"wpforms-field-row wpforms-field-medium\"><div class=\"wpforms-field-row-block wpforms-first wpforms-one-half\"><input type=\"text\" id=\"wpforms-6290-field_0\" class=\"wpforms-field-name-first wpforms-field-required\" name=\"wpforms[fields][0][first]\" required><label for=\"wpforms-6290-field_0\" class=\"wpforms-field-sublabel after\">Vorname<\/label><\/div><div class=\"wpforms-field-row-block wpforms-one-half\"><input type=\"text\" id=\"wpforms-6290-field_0-last\" class=\"wpforms-field-name-last wpforms-field-required\" name=\"wpforms[fields][0][last]\" required><label for=\"wpforms-6290-field_0-last\" class=\"wpforms-field-sublabel after\">Nachname<\/label><\/div><\/div><\/div><div id=\"wpforms-6290-field_10-container\" class=\"wpforms-field wpforms-field-text\" data-field-id=\"10\"><label class=\"wpforms-field-label\" for=\"wpforms-6290-field_10\">Geburtsdatum <span class=\"wpforms-required-label\">*<\/span><\/label><input type=\"text\" id=\"wpforms-6290-field_10\" class=\"wpforms-field-medium wpforms-field-required\" name=\"wpforms[fields][10]\" required><\/div><div id=\"wpforms-6290-field_1-container\" class=\"wpforms-field wpforms-field-email\" data-field-id=\"1\"><label class=\"wpforms-field-label\" for=\"wpforms-6290-field_1\">E-Mail <span class=\"wpforms-required-label\">*<\/span><\/label><input type=\"email\" id=\"wpforms-6290-field_1\" class=\"wpforms-field-medium wpforms-field-required\" name=\"wpforms[fields][1]\" spellcheck=\"false\" required><\/div><div id=\"wpforms-6290-field_6-container\" class=\"wpforms-field wpforms-field-number\" data-field-id=\"6\"><label class=\"wpforms-field-label\" for=\"wpforms-6290-field_6\">Telefonnummer <span class=\"wpforms-required-label\">*<\/span><\/label><input type=\"number\" id=\"wpforms-6290-field_6\" class=\"wpforms-field-medium wpforms-field-required\" name=\"wpforms[fields][6]\" step=\"any\" required><\/div><div id=\"wpforms-6290-field_8-container\" class=\"wpforms-field wpforms-field-number\" data-field-id=\"8\"><label class=\"wpforms-field-label\" for=\"wpforms-6290-field_8\">Postleitzahl <span class=\"wpforms-required-label\">*<\/span><\/label><input type=\"number\" id=\"wpforms-6290-field_8\" class=\"wpforms-field-medium wpforms-field-required\" name=\"wpforms[fields][8]\" step=\"any\" required><\/div><div id=\"wpforms-6290-field_4-container\" class=\"wpforms-field wpforms-field-text\" data-field-id=\"4\"><label class=\"wpforms-field-label\" for=\"wpforms-6290-field_4\">Wohnort \/ Landkreis <span class=\"wpforms-required-label\">*<\/span><\/label><input type=\"text\" id=\"wpforms-6290-field_4\" class=\"wpforms-field-medium wpforms-field-required\" name=\"wpforms[fields][4]\" required><\/div><div id=\"wpforms-6290-field_5-container\" class=\"wpforms-field wpforms-field-text\" data-field-id=\"5\"><label class=\"wpforms-field-label\" for=\"wpforms-6290-field_5\">Stra\u00dfe und Hausnummer <span class=\"wpforms-required-label\">*<\/span><\/label><input type=\"text\" id=\"wpforms-6290-field_5\" class=\"wpforms-field-medium wpforms-field-required\" name=\"wpforms[fields][5]\" required><\/div><div id=\"wpforms-6290-field_2-container\" class=\"wpforms-field wpforms-field-textarea\" data-field-id=\"2\"><label class=\"wpforms-field-label\" for=\"wpforms-6290-field_2\">Kommentar oder Nachricht<\/label><textarea id=\"wpforms-6290-field_2\" class=\"wpforms-field-medium\" name=\"wpforms[fields][2]\" ><\/textarea><\/div><div id=\"wpforms-6290-field_9-container\" class=\"wpforms-field wpforms-field-checkbox\" data-field-id=\"9\"><label class=\"wpforms-field-label\">Ich bin im Besitz einer: <span class=\"wpforms-required-label\">*<\/span><\/label><ul id=\"wpforms-6290-field_9\" class=\"wpforms-field-required\"><li class=\"choice-1 depth-1\"><input type=\"checkbox\" id=\"wpforms-6290-field_9_1\" name=\"wpforms[fields][9][]\" value=\"Erlaubnis gem. \u00a727 SprengG ohne Fachkunde (F2\/F3)\" required ><label class=\"wpforms-field-label-inline\" for=\"wpforms-6290-field_9_1\">Erlaubnis gem. \u00a727 SprengG ohne Fachkunde (F2\/F3)<\/label><\/li><li class=\"choice-2 depth-1\"><input type=\"checkbox\" id=\"wpforms-6290-field_9_2\" name=\"wpforms[fields][9][]\" value=\"Erlaubnis gem. \u00a77 SprengG und Fachkunde\" required ><label class=\"wpforms-field-label-inline\" for=\"wpforms-6290-field_9_2\">Erlaubnis gem. \u00a77 SprengG und Fachkunde<\/label><\/li><li class=\"choice-3 depth-1\"><input type=\"checkbox\" id=\"wpforms-6290-field_9_3\" name=\"wpforms[fields][9][]\" value=\"Erlaubnis gem. \u00a727 SprengG und Fachkunde\" required ><label class=\"wpforms-field-label-inline\" for=\"wpforms-6290-field_9_3\">Erlaubnis gem. \u00a727 SprengG und Fachkunde<\/label><\/li><li class=\"choice-4 depth-1\"><input type=\"checkbox\" id=\"wpforms-6290-field_9_4\" name=\"wpforms[fields][9][]\" value=\"Waffenbesitzkarte als Sportsch\u00fctze\" required ><label class=\"wpforms-field-label-inline\" for=\"wpforms-6290-field_9_4\">Waffenbesitzkarte als Sportsch\u00fctze<\/label><\/li><li class=\"choice-5 depth-1\"><input type=\"checkbox\" id=\"wpforms-6290-field_9_5\" name=\"wpforms[fields][9][]\" value=\"keiner Erlaubnis nach SprengG oder WaffG\" required ><label class=\"wpforms-field-label-inline\" for=\"wpforms-6290-field_9_5\">keiner Erlaubnis nach SprengG oder WaffG<\/label><\/li><\/ul><div class=\"wpforms-field-description\">Besitzt Du eine Erlaubnis nach dem deutschen Sprengstoff- oder Waffengesetz? Bitte gib in diesem Fall im Kommentarfeld die entsprechenden Erlaubnisdaten an. Falls Du keine solche Erlaubnis besitzt, kannst Du nat\u00fcrlich trotzdem Mitglied werden.<\/div><\/div><div id=\"wpforms-6290-field_11-container\" class=\"wpforms-field wpforms-field-checkbox\" data-field-id=\"11\"><label class=\"wpforms-field-label\">Satzung des MFTB best\u00e4tigen <span class=\"wpforms-required-label\">*<\/span><\/label><ul id=\"wpforms-6290-field_11\" class=\"wpforms-field-required\"><li class=\"choice-1 depth-1\"><input type=\"checkbox\" id=\"wpforms-6290-field_11_1\" name=\"wpforms[fields][11][]\" value=\"Ich habe die Satzung des MFTB vollst\u00e4ndig gelesen und bin damit einverstanden.\" required ><label class=\"wpforms-field-label-inline\" for=\"wpforms-6290-field_11_1\">Ich habe die Satzung des MFTB vollst\u00e4ndig gelesen und bin damit einverstanden.<\/label><\/li><\/ul><\/div><div id=\"wpforms-6290-field_12-container\" class=\"wpforms-field wpforms-field-gdpr-checkbox\" data-field-id=\"12\"><label class=\"wpforms-field-label\">DSGVO-Einverst\u00e4ndnis <span class=\"wpforms-required-label\">*<\/span><\/label><ul id=\"wpforms-6290-field_12\" class=\"wpforms-field-required\"><li class=\"choice-1\"><input type=\"checkbox\" id=\"wpforms-6290-field_12_1\" name=\"wpforms[fields][12][]\" value=\"Ich willige ein, dass diese Website meine \u00fcbermittelten Informationen speichert, sodass meine Anfrage beantwortet werden kann.\" required ><label class=\"wpforms-field-label-inline\" for=\"wpforms-6290-field_12_1\">Ich willige ein, dass diese Website meine \u00fcbermittelten Informationen speichert, sodass meine Anfrage beantwortet werden kann.<\/label><\/li><\/ul><\/div><\/div><!-- .wpforms-field-container --><div class=\"wpforms-recaptcha-container wpforms-is-recaptcha wpforms-is-recaptcha-type-v2\" ><div class=\"g-recaptcha\" data-sitekey=\"6LdeeD4UAAAAAAqEuRUgVE5jC_B3TRh-pXDC_LYg\"><\/div><input type=\"text\" name=\"g-recaptcha-hidden\" class=\"wpforms-recaptcha-hidden\" style=\"position:absolute!important;clip:rect(0,0,0,0)!important;height:1px!important;width:1px!important;border:0!important;overflow:hidden!important;padding:0!important;margin:0!important;\" data-rule-recaptcha=\"1\"><\/div><div class=\"wpforms-submit-container\" ><input type=\"hidden\" name=\"wpforms[id]\" value=\"6290\"><input type=\"hidden\" name=\"page_title\" value=\"\"><input type=\"hidden\" name=\"page_url\" value=\"https:\/\/www.sprengmeister.info\/website\/wp-json\/wp\/v2\/pages\/35\"><input type=\"hidden\" name=\"url_referer\" value=\"\"><button type=\"submit\" name=\"wpforms[submit]\" id=\"wpforms-submit-6290\" class=\"wpforms-submit\" data-alt-text=\"Wird bearbeitet...\" data-submit-text=\"Jetzt Mitglied werden\" aria-live=\"assertive\" value=\"wpforms-submit\">Jetzt Mitglied werden<\/button><img loading=\"lazy\" decoding=\"async\" src=\"https:\/\/www.sprengmeister.info\/website\/wp-content\/plugins\/wpforms\/assets\/images\/submit-spin.svg\" class=\"wpforms-submit-spinner\" style=\"display: none;\" width=\"26\" height=\"26\" alt=\"Wird geladen\"><\/div><\/form><\/div>  <!-- .wpforms-container --><\/strong><\/h2>\n<p>&nbsp;<\/p>\n<p>&nbsp;<\/p>\n","protected":false},"excerpt":{"rendered":"<p>Mitteldeutscher Feuerwerker- &amp; Traditionssch\u00fctzenbund Kontakt: Frau Claudia Schrader E-Mail: &#x6d;&#x66;&#x74;&#x62;&#64;&#115;&#112;&#114;eng&#x6d;&#x65;&#x69;&#x73;&#x74;&#101;&#114;&#46;inf&#x6f; Durchwahl: 036025 \u2013 52 68 52 &nbsp; Hier m\u00f6chten wir Dir den Mitteldeutschen Feuerwerker- &amp; Traditionssch\u00fctzenbund &#8211; kurz MFTB &#8211; vorstellen und &#8220;an\u00b4s Herz legen&#8221;. Der MFTB versteht sich als Zusammenschluss fachkundiger Personen aus den Bereichen Pyrotechnik, Sprengtechnik, Kampfmittelber\u00e4umung, SFX und Traditionssch\u00fctzenwesen. Dieser\u00a0 Zusammenschluss erf\u00fcllt [&hellip;]<\/p>\n","protected":false},"author":1,"featured_media":0,"parent":0,"menu_order":4,"comment_status":"closed","ping_status":"closed","template":"","meta":{"footnotes":""},"class_list":["post-35","page","type-page","status-publish","hentry"],"_links":{"self":[{"href":"https:\/\/www.sprengmeister.info\/website\/wp-json\/wp\/v2\/pages\/35","targetHints":{"allow":["GET"]}}],"collection":[{"href":"https:\/\/www.sprengmeister.info\/website\/wp-json\/wp\/v2\/pages"}],"about":[{"href":"https:\/\/www.sprengmeister.info\/website\/wp-json\/wp\/v2\/types\/page"}],"author":[{"embeddable":true,"href":"https:\/\/www.sprengmeister.info\/website\/wp-json\/wp\/v2\/users\/1"}],"replies":[{"embeddable":true,"href":"https:\/\/www.sprengmeister.info\/website\/wp-json\/wp\/v2\/comments?post=35"}],"version-history":[{"count":20,"href":"https:\/\/www.sprengmeister.info\/website\/wp-json\/wp\/v2\/pages\/35\/revisions"}],"predecessor-version":[{"id":6733,"href":"https:\/\/www.sprengmeister.info\/website\/wp-json\/wp\/v2\/pages\/35\/revisions\/6733"}],"wp:attachment":[{"href":"https:\/\/www.sprengmeister.info\/website\/wp-json\/wp\/v2\/media?parent=35"}],"curies":[{"name":"wp","href":"https:\/\/api.w.org\/{rel}","templated":true}]}}