{"id":5,"date":"2018-01-08T13:24:06","date_gmt":"2018-01-08T13:24:06","guid":{"rendered":"http:\/\/sprengmeister.info\/website\/?page_id=5"},"modified":"2025-12-19T08:37:19","modified_gmt":"2025-12-19T07:37:19","slug":"thueringer-feuerwerkerschule","status":"publish","type":"page","link":"https:\/\/www.sprengmeister.info\/website\/","title":{"rendered":"Willkommen"},"content":{"rendered":"<h3 style=\"text-align: center;\"><span style=\"color: #333333;\"><strong>Herzlich Willkommen bei der SDL-Familie<\/strong><\/span><\/h3>\n<h3 style=\"text-align: center;\"><span style=\"color: #333333;\"><em style=\"font-size: 16px;\">&#8211; ein starkes Team &#8211;<\/em><\/span><\/h3>\n<p>&nbsp;<\/p>\n<p style=\"text-align: center;\"><a href=\"https:\/\/sprengmeister.info\/thueringer-feuerwerkerschule\/wir-ueber-uns\/\"><img loading=\"lazy\" decoding=\"async\" class=\"wp-image-1681 aligncenter\" src=\"https:\/\/www.sprengmeister.info\/website\/wp-content\/uploads\/2020\/03\/Logo-ThFWS-300x292.png\" alt=\"\" width=\"178\" height=\"173\" srcset=\"https:\/\/www.sprengmeister.info\/website\/wp-content\/uploads\/2020\/03\/Logo-ThFWS-300x292.png 300w, https:\/\/www.sprengmeister.info\/website\/wp-content\/uploads\/2020\/03\/Logo-ThFWS.png 400w\" sizes=\"auto, (max-width: 178px) 100vw, 178px\" \/><\/a><br \/>\n<span style=\"color: #000000;\"><strong>SDL-ThFWS<\/strong><br \/>\nTh\u00fcringer Feuerwerker- &amp; Waffenmeisterschule<br \/>\nEEG-zertifizierte Schule, staatlich anerkannte <a style=\"color: #000000;\" href=\"http:\/\/sprengmeister.info\/website\/?page_id=25\">Lehrg\u00e4nge und Seminare<\/a> nach<br \/>\n<\/span><span style=\"color: #000000;\">Sprengstoff- &amp; Waffengesetz sowie dem ADR<br \/>\nAusbildung durch EU-zertifizierte Sachverst\u00e4ndige mit \u00fcber 25 Jahren Erfahrung<\/span><\/p>\n<p>&nbsp;<\/p>\n<p style=\"text-align: center;\"><a href=\"https:\/\/sprengmeister.info\/sdl-sfx\/\"><img loading=\"lazy\" decoding=\"async\" class=\"aligncenter\" src=\"https:\/\/www.sprengmeister.info\/website\/wp-content\/uploads\/2021\/05\/Logo-SDL-NEU-300x291.gif\" width=\"188\" height=\"182\" \/><\/a><br \/>\n<strong><span style=\"color: #000000;\">SDL-SFX<\/span><\/strong><br \/>\n<span style=\"color: #000000;\">Spezialeffekte und Waffenmeisterei f\u00fcr Film-, Fernsehen und Theater<br \/>\nBrandschutz, Ersthelfer und Raumluft\u00fcberwachung am Filmset<\/span><br \/>\n<span style=\"color: #000000;\">Sonderrequisitenbau, Filmwaffenverleih, Handel mit Waffen, Pyrotechnik und Sprengstoffen<\/span><br \/>\n<span style=\"color: #000000;\">Vernichtung von Waffen und Munition<\/span><\/p>\n<p>&nbsp;<\/p>\n<p><a href=\"https:\/\/sprengmeister.info\/consult\/\"><img loading=\"lazy\" decoding=\"async\" class=\"aligncenter wp-image-5042\" src=\"https:\/\/www.sprengmeister.info\/website\/wp-content\/uploads\/2022\/09\/SDL-CONSULT-LOGO-150x150.png\" alt=\"\" width=\"202\" height=\"202\" srcset=\"https:\/\/www.sprengmeister.info\/website\/wp-content\/uploads\/2022\/09\/SDL-CONSULT-LOGO-150x150.png 150w, https:\/\/www.sprengmeister.info\/website\/wp-content\/uploads\/2022\/09\/SDL-CONSULT-LOGO-300x300.png 300w, https:\/\/www.sprengmeister.info\/website\/wp-content\/uploads\/2022\/09\/SDL-CONSULT-LOGO-100x100.png 100w\" sizes=\"auto, (max-width: 202px) 100vw, 202px\" \/><\/a><\/p>\n<p style=\"text-align: center;\"><strong><span style=\"color: #000000;\">SDL-CONSULT<\/span><\/strong><br \/>\n<span style=\"color: #000000;\">unabh\u00e4ngige und gerichtlich bestellte Sachverst\u00e4ndige &amp; Gutachter f\u00fcr die Fachbereiche:<\/span><br \/>\n<span style=\"color: #000000;\">Explosivstoffe, Pyrotechnik, Gefahrgutlager,\u00a0 ADR, Waffen und Munition<\/span><br \/>\n<span style=\"color: #000000;\">sowie Lehrg\u00e4nge nach Sprengstoff- &amp; Waffengesetz<\/span><\/p>\n<p>&nbsp;<\/p>\n<p style=\"text-align: center;\"><a href=\"https:\/\/sprengmeister.info\/mftb\/\"><img loading=\"lazy\" decoding=\"async\" class=\"aligncenter wp-image-1685\" src=\"https:\/\/www.sprengmeister.info\/website\/wp-content\/uploads\/2020\/03\/Logo-MFTB-150x150.png\" alt=\"\" width=\"166\" height=\"166\" srcset=\"https:\/\/www.sprengmeister.info\/website\/wp-content\/uploads\/2020\/03\/Logo-MFTB-150x150.png 150w, https:\/\/www.sprengmeister.info\/website\/wp-content\/uploads\/2020\/03\/Logo-MFTB-100x100.png 100w\" sizes=\"auto, (max-width: 166px) 100vw, 166px\" \/><\/a><br \/>\n<strong><span style=\"color: #000000;\">MFTB<\/span><\/strong><br \/>\n<span style=\"color: #000000;\">Mitteldeutscher Feuerwerker- &amp; Traditionssch\u00fctzenbund<\/span><br \/>\n<span style=\"color: #000000;\">Deutscher Pyrotechnikerverbund<\/span><\/p>\n<p style=\"text-align: center;\">\n","protected":false},"excerpt":{"rendered":"<p>Herzlich Willkommen bei der SDL-Familie &#8211; ein starkes Team &#8211; &nbsp; SDL-ThFWS Th\u00fcringer Feuerwerker- &amp; Waffenmeisterschule EEG-zertifizierte Schule, staatlich anerkannte Lehrg\u00e4nge und Seminare nach Sprengstoff- &amp; Waffengesetz sowie dem ADR Ausbildung durch EU-zertifizierte Sachverst\u00e4ndige mit \u00fcber 25 Jahren Erfahrung &nbsp; SDL-SFX Spezialeffekte und Waffenmeisterei f\u00fcr Film-, Fernsehen und Theater Brandschutz, Ersthelfer und Raumluft\u00fcberwachung am Filmset [&hellip;]<\/p>\n","protected":false},"author":1,"featured_media":0,"parent":0,"menu_order":1,"comment_status":"closed","ping_status":"closed","template":"","meta":{"footnotes":""},"class_list":["post-5","page","type-page","status-publish","hentry"],"_links":{"self":[{"href":"https:\/\/www.sprengmeister.info\/website\/wp-json\/wp\/v2\/pages\/5","targetHints":{"allow":["GET"]}}],"collection":[{"href":"https:\/\/www.sprengmeister.info\/website\/wp-json\/wp\/v2\/pages"}],"about":[{"href":"https:\/\/www.sprengmeister.info\/website\/wp-json\/wp\/v2\/types\/page"}],"author":[{"embeddable":true,"href":"https:\/\/www.sprengmeister.info\/website\/wp-json\/wp\/v2\/users\/1"}],"replies":[{"embeddable":true,"href":"https:\/\/www.sprengmeister.info\/website\/wp-json\/wp\/v2\/comments?post=5"}],"version-history":[{"count":65,"href":"https:\/\/www.sprengmeister.info\/website\/wp-json\/wp\/v2\/pages\/5\/revisions"}],"predecessor-version":[{"id":6830,"href":"https:\/\/www.sprengmeister.info\/website\/wp-json\/wp\/v2\/pages\/5\/revisions\/6830"}],"wp:attachment":[{"href":"https:\/\/www.sprengmeister.info\/website\/wp-json\/wp\/v2\/media?parent=5"}],"curies":[{"name":"wp","href":"https:\/\/api.w.org\/{rel}","templated":true}]}}