{"id":6231,"date":"2023-03-07T08:08:08","date_gmt":"2023-03-07T07:08:08","guid":{"rendered":"https:\/\/www.sprengmeister.info\/website\/?page_id=6231"},"modified":"2024-01-11T09:58:01","modified_gmt":"2024-01-11T08:58:01","slug":"anmeldeseite-mftb-treffen","status":"publish","type":"page","link":"https:\/\/www.sprengmeister.info\/website\/anmeldeseite-mftb-treffen\/","title":{"rendered":"Anmeldeseite MFTB-Treffen"},"content":{"rendered":"<h4><strong>Hier kannst Du Dich zu Veranstaltungen des MFTB verbindlich anmelden.<\/strong><\/h4>\n<p>Unsere Fachtreffen mit vielen gro\u00dfartigen Highlights finden in der N\u00e4he von M\u00fchlhausen \/ Th\u00fcringen statt. Teilnehmen k\u00f6nnen ausschlie\u00dflich angemeldete MFTB-Mitglieder und deren Begleitpersonen.<\/p>\n<p><span style=\"color: #339966;\"><strong>Du bist noch kein MFTB-Mitglied? Na dann klick hier: <a href=\"https:\/\/www.sprengmeister.info\/website\/mftb\/\">MFTB-MITGLIED WERDEN<\/a><\/strong><\/span><\/p>\n<p><span style=\"color: #ff0000;\"><strong>Bitte unbedingt beachten:<\/strong><\/span><br \/>\n* <strong>F\u00fcr <em>JEDEN<\/em> Teilnehmer<\/strong> muss eine separate Anmeldung ausgef\u00fcllt werden!<br \/>\n(Auch f\u00fcr Ehepartner, Freunde, G\u00e4ste usw. Wer nicht angemeldet ist, bekommt keinen Einlass!)<\/p>\n<p>H\u00e4ndler oder Aussteller geben bitte im Anmeldeformular unbedingt an ob und wenn wie viele Mitarbeiter\/Helfer mitkommen. Die nachtr\u00e4gliche Meldung von Helfern vor Ort ist nicht m\u00f6glich!<\/p>\n<p><span style=\"color: #ff0000;\"><strong>DERZEIT SIND KEINE ANMELDUNGEN ZU EINER VERANSTALTUNG M\u00d6GLICH<\/strong><\/span><\/p>\n","protected":false},"excerpt":{"rendered":"<p>Hier kannst Du Dich zu Veranstaltungen des MFTB verbindlich anmelden. Unsere Fachtreffen mit vielen gro\u00dfartigen Highlights finden in der N\u00e4he von M\u00fchlhausen \/ Th\u00fcringen statt. Teilnehmen k\u00f6nnen ausschlie\u00dflich angemeldete MFTB-Mitglieder und deren Begleitpersonen. Du bist noch kein MFTB-Mitglied? Na dann klick hier: MFTB-MITGLIED WERDEN Bitte unbedingt beachten: * F\u00fcr JEDEN Teilnehmer muss eine separate Anmeldung [&hellip;]<\/p>\n","protected":false},"author":1,"featured_media":0,"parent":0,"menu_order":0,"comment_status":"closed","ping_status":"closed","template":"","meta":{"footnotes":""},"class_list":["post-6231","page","type-page","status-publish","hentry"],"_links":{"self":[{"href":"https:\/\/www.sprengmeister.info\/website\/wp-json\/wp\/v2\/pages\/6231","targetHints":{"allow":["GET"]}}],"collection":[{"href":"https:\/\/www.sprengmeister.info\/website\/wp-json\/wp\/v2\/pages"}],"about":[{"href":"https:\/\/www.sprengmeister.info\/website\/wp-json\/wp\/v2\/types\/page"}],"author":[{"embeddable":true,"href":"https:\/\/www.sprengmeister.info\/website\/wp-json\/wp\/v2\/users\/1"}],"replies":[{"embeddable":true,"href":"https:\/\/www.sprengmeister.info\/website\/wp-json\/wp\/v2\/comments?post=6231"}],"version-history":[{"count":28,"href":"https:\/\/www.sprengmeister.info\/website\/wp-json\/wp\/v2\/pages\/6231\/revisions"}],"predecessor-version":[{"id":6623,"href":"https:\/\/www.sprengmeister.info\/website\/wp-json\/wp\/v2\/pages\/6231\/revisions\/6623"}],"wp:attachment":[{"href":"https:\/\/www.sprengmeister.info\/website\/wp-json\/wp\/v2\/media?parent=6231"}],"curies":[{"name":"wp","href":"https:\/\/api.w.org\/{rel}","templated":true}]}}